{"id":233,"date":"2022-03-31T13:15:09","date_gmt":"2022-03-31T11:15:09","guid":{"rendered":"https:\/\/sqc.se.hemsida.eu\/?page_id=233"},"modified":"2024-10-22T15:30:27","modified_gmt":"2024-10-22T13:30:27","slug":"organization","status":"publish","type":"page","link":"https:\/\/sqc.se\/en\/about-sqc\/organization\/","title":{"rendered":"Organization"},"content":{"rendered":"<h2>Managing Director<\/h2>\n<p>Giselle Garcia Rold\u00e1n<\/p>\n<h2>Business Manager Qualification<\/h2>\n<p>Peter Alz\u00e9n<\/p>\n<h2>Business Manager Technique and Advisory<\/h2>\n<p>Jorge Ben\u00edtez<\/p>\n<p>&nbsp;<\/p>\n","protected":false},"excerpt":{"rendered":"<p>Managing Director Giselle Garcia Rold\u00e1n Business Manager Qualification Peter Alz\u00e9n Business Manager Technique and Advisory Jorge Ben\u00edtez &nbsp;<\/p>\n","protected":false},"author":1,"featured_media":0,"parent":229,"menu_order":1,"comment_status":"closed","ping_status":"closed","template":"","meta":{"footnotes":""},"class_list":["post-233","page","type-page","status-publish","hentry"],"_links":{"self":[{"href":"https:\/\/sqc.se\/en\/wp-json\/wp\/v2\/pages\/233","targetHints":{"allow":["GET"]}}],"collection":[{"href":"https:\/\/sqc.se\/en\/wp-json\/wp\/v2\/pages"}],"about":[{"href":"https:\/\/sqc.se\/en\/wp-json\/wp\/v2\/types\/page"}],"author":[{"embeddable":true,"href":"https:\/\/sqc.se\/en\/wp-json\/wp\/v2\/users\/1"}],"replies":[{"embeddable":true,"href":"https:\/\/sqc.se\/en\/wp-json\/wp\/v2\/comments?post=233"}],"version-history":[{"count":3,"href":"https:\/\/sqc.se\/en\/wp-json\/wp\/v2\/pages\/233\/revisions"}],"predecessor-version":[{"id":380,"href":"https:\/\/sqc.se\/en\/wp-json\/wp\/v2\/pages\/233\/revisions\/380"}],"up":[{"embeddable":true,"href":"https:\/\/sqc.se\/en\/wp-json\/wp\/v2\/pages\/229"}],"wp:attachment":[{"href":"https:\/\/sqc.se\/en\/wp-json\/wp\/v2\/media?parent=233"}],"curies":[{"name":"wp","href":"https:\/\/api.w.org\/{rel}","templated":true}]}}