{"id":239,"date":"2022-03-31T13:23:33","date_gmt":"2022-03-31T11:23:33","guid":{"rendered":"https:\/\/sqc.se.hemsida.eu\/?page_id=239"},"modified":"2024-11-11T14:53:54","modified_gmt":"2024-11-11T13:53:54","slug":"contact","status":"publish","type":"page","link":"https:\/\/sqc.se\/en\/contact\/","title":{"rendered":"Contact"},"content":{"rendered":"[mk_page_section][vc_column width=&#8221;1\/2&#8243;][vc_column_text disable_pattern=&#8221;false&#8221; css=&#8221;.vc_custom_1731333230145{margin-bottom: 0px !important;}&#8221;]\n<h3>Headquarters T\u00e4by<\/h3>\n<p>Box 519<br \/>\nSE-183 25 T\u00e4by<br \/>\nSweden<\/p>\n<h3>Visit us<\/h3>\n<p>Nytorpsv\u00e4gen 40<br \/>\nSE-183 71 T\u00e4by<br \/>\nSweden<\/p>\n<h3>CEO<\/h3>\n<p>Giselle Garcia Rold\u00e1n<br \/>\n<a href=\"mailto:giselle.garciaroldan@sqc.se\">giselle.garciaroldan@sqc.se<\/a><\/p>\n<h3>Manager Qualification<\/h3>\n<p>Peter Alz\u00e9n<br \/>\n<a href=\"mailto:giselle.garciaroldan@sqc.se\">peter.alzen@sqc.se<\/a><\/p>\n<h3>Manager Research &amp; Advisory<\/h3>\n<p>Jorge Ben\u00edtez<br \/>\n<a href=\"mailto:giselle.garciaroldan@sqc.se\">jorge.benitez@sqc.se<\/a>[\/vc_column_text][\/vc_column][vc_column width=&#8221;1\/2&#8243;][vc_raw_html]JTNDaWZyYW1lJTIwc3JjJTNEJTIyaHR0cHMlM0ElMkYlMkZ3d3cuZ29vZ2xlLmNvbSUyRm1hcHMlMkZlbWJlZCUzRnBiJTNEJTIxMW0xOCUyMTFtMTIlMjExbTMlMjExZDIwMjguODExMDE3NDUwNzI5NCUyMTJkMTguMDc3NzUzNTE2NjQ3ODQyJTIxM2Q1OS40MzYyMjYzODE2OTYyOSUyMTJtMyUyMTFmMCUyMTJmMCUyMTNmMCUyMTNtMiUyMTFpMTAyNCUyMTJpNzY4JTIxNGYxMy4xJTIxM20zJTIxMW0yJTIxMXMweDQ2NWY5YjlhNDY0OGQ4YWQlMjUzQTB4MWQzMTllZWFmODg2MDUzOCUyMTJzU1FDJTI1MjBTd2VkaXNoJTI1MjBRdWFsaWZpY2F0aW9uJTI1MjBDZW50cmUlMjUyMEFCJTIxNWUwJTIxM20yJTIxMXNlbiUyMTJzc2UlMjE0djE2NDI1OTk5MTQzMzklMjE1bTIlMjExc2VuJTIxMnNzZSUyMiUyMHdpZHRoJTNEJTIyMTAwJTI1JTIyJTIwaGVpZ2h0JTNEJTIyNDUwJTIyJTIwc3R5bGUlM0QlMjJib3JkZXIlM0EwJTNCJTIyJTIwYWxsb3dmdWxsc2NyZWVuJTNEJTIyJTIyJTIwbG9hZGluZyUzRCUyMmxhenklMjIlM0UlM0MlMkZpZnJhbWUlM0U=[\/vc_raw_html][\/vc_column][\/mk_page_section][mk_page_section padding_top=&#8221;40&#8243; padding_bottom=&#8221;50&#8243; sidebar=&#8221;sidebar-1&#8243;][vc_column][\/vc_column][\/mk_page_section]\n","protected":false},"excerpt":{"rendered":"<p>[mk_page_section][vc_column width=&#8221;1\/2&#8243;][vc_column_text disable_pattern=&#8221;false&#8221; css=&#8221;.vc_custom_1731333230145{margin-bottom: 0px !important;}&#8221;] Headquarters T\u00e4by Box 519 SE-183 25 T\u00e4by Sweden Visit us Nytorpsv\u00e4gen 40 SE-183 71 T\u00e4by Sweden CEO Giselle Garcia Rold\u00e1n giselle.garciaroldan@sqc.se Manager Qualification Peter Alz\u00e9n peter.alzen@sqc.se Manager Research &amp; Advisory Jorge Ben\u00edtez jorge.benitez@sqc.se[\/vc_column_text][\/vc_column][vc_column width=&#8221;1\/2&#8243;][vc_raw_html]JTNDaWZyYW1lJTIwc3JjJTNEJTIyaHR0cHMlM0ElMkYlMkZ3d3cuZ29vZ2xlLmNvbSUyRm1hcHMlMkZlbWJlZCUzRnBiJTNEJTIxMW0xOCUyMTFtMTIlMjExbTMlMjExZDIwMjguODExMDE3NDUwNzI5NCUyMTJkMTguMDc3NzUzNTE2NjQ3ODQyJTIxM2Q1OS40MzYyMjYzODE2OTYyOSUyMTJtMyUyMTFmMCUyMTJmMCUyMTNmMCUyMTNtMiUyMTFpMTAyNCUyMTJpNzY4JTIxNGYxMy4xJTIxM20zJTIxMW0yJTIxMXMweDQ2NWY5YjlhNDY0OGQ4YWQlMjUzQTB4MWQzMTllZWFmODg2MDUzOCUyMTJzU1FDJTI1MjBTd2VkaXNoJTI1MjBRdWFsaWZpY2F0aW9uJTI1MjBDZW50cmUlMjUyMEFCJTIxNWUwJTIxM20yJTIxMXNlbiUyMTJzc2UlMjE0djE2NDI1OTk5MTQzMzklMjE1bTIlMjExc2VuJTIxMnNzZSUyMiUyMHdpZHRoJTNEJTIyMTAwJTI1JTIyJTIwaGVpZ2h0JTNEJTIyNDUwJTIyJTIwc3R5bGUlM0QlMjJib3JkZXIlM0EwJTNCJTIyJTIwYWxsb3dmdWxsc2NyZWVuJTNEJTIyJTIyJTIwbG9hZGluZyUzRCUyMmxhenklMjIlM0UlM0MlMkZpZnJhbWUlM0U=[\/vc_raw_html][\/vc_column][\/mk_page_section][mk_page_section padding_top=&#8221;40&#8243; padding_bottom=&#8221;50&#8243; sidebar=&#8221;sidebar-1&#8243;][vc_column][\/vc_column][\/mk_page_section]<\/p>\n","protected":false},"author":1,"featured_media":0,"parent":0,"menu_order":100,"comment_status":"closed","ping_status":"closed","template":"","meta":{"footnotes":""},"class_list":["post-239","page","type-page","status-publish","hentry"],"_links":{"self":[{"href":"https:\/\/sqc.se\/en\/wp-json\/wp\/v2\/pages\/239","targetHints":{"allow":["GET"]}}],"collection":[{"href":"https:\/\/sqc.se\/en\/wp-json\/wp\/v2\/pages"}],"about":[{"href":"https:\/\/sqc.se\/en\/wp-json\/wp\/v2\/types\/page"}],"author":[{"embeddable":true,"href":"https:\/\/sqc.se\/en\/wp-json\/wp\/v2\/users\/1"}],"replies":[{"embeddable":true,"href":"https:\/\/sqc.se\/en\/wp-json\/wp\/v2\/comments?post=239"}],"version-history":[{"count":5,"href":"https:\/\/sqc.se\/en\/wp-json\/wp\/v2\/pages\/239\/revisions"}],"predecessor-version":[{"id":393,"href":"https:\/\/sqc.se\/en\/wp-json\/wp\/v2\/pages\/239\/revisions\/393"}],"wp:attachment":[{"href":"https:\/\/sqc.se\/en\/wp-json\/wp\/v2\/media?parent=239"}],"curies":[{"name":"wp","href":"https:\/\/api.w.org\/{rel}","templated":true}]}}